{"id":635,"date":"2023-04-05T08:57:21","date_gmt":"2023-04-05T06:57:21","guid":{"rendered":"https:\/\/place-armes-idf.fr\/?page_id=635"},"modified":"2024-07-10T21:04:06","modified_gmt":"2024-07-10T19:04:06","slug":"nous-rejoindre","status":"publish","type":"page","link":"https:\/\/idnf.fr\/?page_id=635","title":{"rendered":"Rejoignez-nous !"},"content":{"rendered":"\n<p>L&rsquo;\u00e9quipe IDNF se constitue petit \u00e0 petit mais nous avons besoin de l&rsquo;\u00e9toffer afin de mener des actions sur le terrain.<\/p>\n\n\n\n<p>Aussi, si vous avez quelques disponibilit\u00e9s et si vous \u00eates motiv\u00e9s pour participer \u00e0 cette belle aventure, remplissez les champs ci-dessous et nous reviendrons vers vous rapidement : <\/p>\n\n\n<div class=\"wp-block-jetpack-contact-form is-layout-flex wp-container-jetpack-contact-form-is-layout-b7ed9015 wp-block-jetpack-contact-form-is-layout-flex\"><a href=\"https:\/\/idnf.fr\/?page_id=635\" target=\"_blank\" rel=\"noopener noreferrer\">Soumettre un formulaire.<\/a><\/div>","protected":false},"excerpt":{"rendered":"<p>L&rsquo;\u00e9quipe IDNF se constitue petit \u00e0 petit mais nous avons besoin de l&rsquo;\u00e9toffer afin de&#8230;<\/p>\n","protected":false},"author":2,"featured_media":0,"parent":0,"menu_order":0,"comment_status":"closed","ping_status":"closed","template":"","meta":{"_EventAllDay":false,"_EventTimezone":"","_EventStartDate":"","_EventEndDate":"","_EventStartDateUTC":"","_EventEndDateUTC":"","_EventShowMap":false,"_EventShowMapLink":false,"_EventURL":"","_EventCost":"","_EventCostDescription":"","_EventCurrencySymbol":"","_EventCurrencyCode":"","_EventCurrencyPosition":"","_EventDateTimeSeparator":"","_EventTimeRangeSeparator":"","_EventOrganizerID":[],"_EventVenueID":[],"_OrganizerEmail":"","_OrganizerPhone":"","_OrganizerWebsite":"","_VenueAddress":"","_VenueCity":"","_VenueCountry":"","_VenueProvince":"","_VenueState":"","_VenueZip":"","_VenuePhone":"","_VenueURL":"","_VenueStateProvince":"","_VenueLat":"","_VenueLng":"","_VenueShowMap":false,"_VenueShowMapLink":false,"jetpack_post_was_ever_published":false,"footnotes":""},"class_list":["post-635","page","type-page","status-publish","hentry"],"jetpack_sharing_enabled":true,"_links":{"self":[{"href":"https:\/\/idnf.fr\/index.php?rest_route=\/wp\/v2\/pages\/635","targetHints":{"allow":["GET"]}}],"collection":[{"href":"https:\/\/idnf.fr\/index.php?rest_route=\/wp\/v2\/pages"}],"about":[{"href":"https:\/\/idnf.fr\/index.php?rest_route=\/wp\/v2\/types\/page"}],"author":[{"embeddable":true,"href":"https:\/\/idnf.fr\/index.php?rest_route=\/wp\/v2\/users\/2"}],"replies":[{"embeddable":true,"href":"https:\/\/idnf.fr\/index.php?rest_route=%2Fwp%2Fv2%2Fcomments&post=635"}],"version-history":[{"count":9,"href":"https:\/\/idnf.fr\/index.php?rest_route=\/wp\/v2\/pages\/635\/revisions"}],"predecessor-version":[{"id":3372,"href":"https:\/\/idnf.fr\/index.php?rest_route=\/wp\/v2\/pages\/635\/revisions\/3372"}],"wp:attachment":[{"href":"https:\/\/idnf.fr\/index.php?rest_route=%2Fwp%2Fv2%2Fmedia&parent=635"}],"curies":[{"name":"wp","href":"https:\/\/api.w.org\/{rel}","templated":true}]}}